{"id":1224,"date":"2024-05-21T15:34:10","date_gmt":"2024-05-21T15:34:10","guid":{"rendered":"https:\/\/sobekconstruction.com\/?page_id=1224"},"modified":"2024-05-26T11:48:17","modified_gmt":"2024-05-26T11:48:17","slug":"nos_projets","status":"publish","type":"page","link":"https:\/\/sobekconstruction.com\/en\/elementor-1205\/nos_projets\/","title":{"rendered":"OUR PROJECTS"},"content":{"rendered":"<div data-elementor-type=\"wp-page\" data-elementor-id=\"1224\" class=\"elementor elementor-1224\" data-elementor-post-type=\"page\">\n\t\t\t\t\t\t<header class=\"elementor-section elementor-top-section elementor-element elementor-element-13ecdbca elementor-section-height-min-height elementor-section-items-stretch elementor-section-content-middle elementor-section-boxed elementor-section-height-default\" data-id=\"13ecdbca\" data-element_type=\"section\" data-e-type=\"section\" data-settings=\"{&quot;background_background&quot;:&quot;classic&quot;}\">\n\t\t\t\t\t\t\t<div class=\"elementor-background-overlay\"><\/div>\n\t\t\t\t\t\t\t<div class=\"elementor-container elementor-column-gap-default\">\n\t\t\t\t\t<div class=\"elementor-column elementor-col-100 elementor-top-column elementor-element elementor-element-15215850\" data-id=\"15215850\" data-element_type=\"column\" data-e-type=\"column\">\n\t\t\t<div class=\"elementor-widget-wrap elementor-element-populated\">\n\t\t\t\t\t\t<div class=\"elementor-element elementor-element-35df75a3 elementor-widget__width-auto elementor-widget elementor-widget-heading\" data-id=\"35df75a3\" data-element_type=\"widget\" data-e-type=\"widget\" data-widget_type=\"heading.default\">\n\t\t\t\t<div class=\"elementor-widget-container\">\n\t\t\t\t\t<h1 class=\"elementor-heading-title elementor-size-default\">our projects<\/h1>\t\t\t\t<\/div>\n\t\t\t\t<\/div>\n\t\t\t\t<div class=\"elementor-element elementor-element-47f7e563 elementor-widget elementor-widget-image\" data-id=\"47f7e563\" data-element_type=\"widget\" data-e-type=\"widget\" data-widget_type=\"image.default\">\n\t\t\t\t<div class=\"elementor-widget-container\">\n\t\t\t\t\t\t\t\t\t\t\t\t\t\t\t<img decoding=\"async\" width=\"53\" height=\"55\" src=\"https:\/\/sobekconstruction.com\/wp-content\/uploads\/2024\/05\/detail4.png\" class=\"attachment-large size-large wp-image-1187\" alt=\"\" \/>\t\t\t\t\t\t\t\t\t\t\t\t\t\t\t<\/div>\n\t\t\t\t<\/div>\n\t\t\t\t\t<\/div>\n\t\t<\/div>\n\t\t\t\t\t<\/div>\n\t\t<\/header>\n\t\t\t\t<section class=\"elementor-section elementor-top-section elementor-element elementor-element-3fa72412 elementor-reverse-tablet elementor-reverse-mobile elementor-section-boxed elementor-section-height-default elementor-section-height-default\" data-id=\"3fa72412\" data-element_type=\"section\" data-e-type=\"section\" data-settings=\"{&quot;background_background&quot;:&quot;classic&quot;}\">\n\t\t\t\t\t\t\t<div class=\"elementor-background-overlay\"><\/div>\n\t\t\t\t\t\t\t<div class=\"elementor-container elementor-column-gap-default\">\n\t\t\t\t\t<div class=\"elementor-column elementor-col-33 elementor-top-column elementor-element elementor-element-74d653fd elementor-invisible\" data-id=\"74d653fd\" data-element_type=\"column\" data-e-type=\"column\" data-settings=\"{&quot;animation&quot;:&quot;fadeInDown&quot;}\">\n\t\t\t<div class=\"elementor-widget-wrap elementor-element-populated\">\n\t\t\t\t\t\t<div class=\"elementor-element elementor-element-63f0dc6b elementor-widget elementor-widget-image\" data-id=\"63f0dc6b\" data-element_type=\"widget\" data-e-type=\"widget\" data-widget_type=\"image.default\">\n\t\t\t\t<div class=\"elementor-widget-container\">\n\t\t\t\t\t\t\t\t\t\t\t\t\t\t\t<img fetchpriority=\"high\" decoding=\"async\" width=\"1707\" height=\"2560\" src=\"https:\/\/sobekconstruction.com\/wp-content\/uploads\/2024\/05\/pexels-shkrabaanthony-4981802-scaled.jpg\" class=\"attachment-full size-full wp-image-1806\" alt=\"\" srcset=\"https:\/\/sobekconstruction.com\/wp-content\/uploads\/2024\/05\/pexels-shkrabaanthony-4981802-scaled.jpg 1707w, https:\/\/sobekconstruction.com\/wp-content\/uploads\/2024\/05\/pexels-shkrabaanthony-4981802-200x300.jpg 200w, https:\/\/sobekconstruction.com\/wp-content\/uploads\/2024\/05\/pexels-shkrabaanthony-4981802-683x1024.jpg 683w, https:\/\/sobekconstruction.com\/wp-content\/uploads\/2024\/05\/pexels-shkrabaanthony-4981802-768x1152.jpg 768w, https:\/\/sobekconstruction.com\/wp-content\/uploads\/2024\/05\/pexels-shkrabaanthony-4981802-1024x1536.jpg 1024w, https:\/\/sobekconstruction.com\/wp-content\/uploads\/2024\/05\/pexels-shkrabaanthony-4981802-1365x2048.jpg 1365w\" sizes=\"(max-width: 1707px) 100vw, 1707px\" \/>\t\t\t\t\t\t\t\t\t\t\t\t\t\t\t<\/div>\n\t\t\t\t<\/div>\n\t\t\t\t\t<\/div>\n\t\t<\/div>\n\t\t\t\t<div class=\"elementor-column elementor-col-33 elementor-top-column elementor-element elementor-element-2eb758ff elementor-invisible\" data-id=\"2eb758ff\" data-element_type=\"column\" data-e-type=\"column\" data-settings=\"{&quot;animation&quot;:&quot;fadeInUp&quot;}\">\n\t\t\t<div class=\"elementor-widget-wrap elementor-element-populated\">\n\t\t\t\t\t\t<div class=\"elementor-element elementor-element-657d7f7d elementor-widget elementor-widget-image\" data-id=\"657d7f7d\" data-element_type=\"widget\" data-e-type=\"widget\" data-widget_type=\"image.default\">\n\t\t\t\t<div class=\"elementor-widget-container\">\n\t\t\t\t\t\t\t\t\t\t\t\t\t\t\t<img decoding=\"async\" width=\"1707\" height=\"2560\" src=\"https:\/\/sobekconstruction.com\/wp-content\/uploads\/2024\/05\/pexels-djordje-petrovic-590080-2102416-scaled.jpg\" class=\"attachment-full size-full wp-image-1807\" alt=\"\" srcset=\"https:\/\/sobekconstruction.com\/wp-content\/uploads\/2024\/05\/pexels-djordje-petrovic-590080-2102416-scaled.jpg 1707w, https:\/\/sobekconstruction.com\/wp-content\/uploads\/2024\/05\/pexels-djordje-petrovic-590080-2102416-200x300.jpg 200w, https:\/\/sobekconstruction.com\/wp-content\/uploads\/2024\/05\/pexels-djordje-petrovic-590080-2102416-683x1024.jpg 683w, https:\/\/sobekconstruction.com\/wp-content\/uploads\/2024\/05\/pexels-djordje-petrovic-590080-2102416-768x1152.jpg 768w, https:\/\/sobekconstruction.com\/wp-content\/uploads\/2024\/05\/pexels-djordje-petrovic-590080-2102416-1024x1536.jpg 1024w, https:\/\/sobekconstruction.com\/wp-content\/uploads\/2024\/05\/pexels-djordje-petrovic-590080-2102416-1365x2048.jpg 1365w\" sizes=\"(max-width: 1707px) 100vw, 1707px\" \/>\t\t\t\t\t\t\t\t\t\t\t\t\t\t\t<\/div>\n\t\t\t\t<\/div>\n\t\t\t\t\t<\/div>\n\t\t<\/div>\n\t\t\t\t<div class=\"elementor-column elementor-col-33 elementor-top-column elementor-element elementor-element-ff4d68e\" data-id=\"ff4d68e\" data-element_type=\"column\" data-e-type=\"column\">\n\t\t\t<div class=\"elementor-widget-wrap elementor-element-populated\">\n\t\t\t\t\t\t<div class=\"elementor-element elementor-element-3f228066 elementor-invisible elementor-widget elementor-widget-image\" data-id=\"3f228066\" data-element_type=\"widget\" data-e-type=\"widget\" data-settings=\"{&quot;_animation&quot;:&quot;fadeIn&quot;,&quot;_animation_delay&quot;:300}\" data-widget_type=\"image.default\">\n\t\t\t\t<div class=\"elementor-widget-container\">\n\t\t\t\t\t\t\t\t\t\t\t\t\t\t\t<img loading=\"lazy\" decoding=\"async\" width=\"82\" height=\"133\" src=\"https:\/\/sobekconstruction.com\/wp-content\/uploads\/2024\/05\/detail2.png\" class=\"attachment-large size-large wp-image-1183\" alt=\"\" \/>\t\t\t\t\t\t\t\t\t\t\t\t\t\t\t<\/div>\n\t\t\t\t<\/div>\n\t\t\t\t<div class=\"elementor-element elementor-element-7ecf1b95 elementor-widget elementor-widget-heading\" data-id=\"7ecf1b95\" data-element_type=\"widget\" data-e-type=\"widget\" data-widget_type=\"heading.default\">\n\t\t\t\t<div class=\"elementor-widget-container\">\n\t\t\t\t\t<h6 class=\"elementor-heading-title elementor-size-default\">detailed design<\/h6>\t\t\t\t<\/div>\n\t\t\t\t<\/div>\n\t\t\t\t<div class=\"elementor-element elementor-element-1d317624 elementor-widget elementor-widget-heading\" data-id=\"1d317624\" data-element_type=\"widget\" data-e-type=\"widget\" data-widget_type=\"heading.default\">\n\t\t\t\t<div class=\"elementor-widget-container\">\n\t\t\t\t\t<h2 class=\"elementor-heading-title elementor-size-default\">Every project is a new challenge<\/h2>\t\t\t\t<\/div>\n\t\t\t\t<\/div>\n\t\t\t\t<div class=\"elementor-element elementor-element-23413997 elementor-widget elementor-widget-text-editor\" data-id=\"23413997\" data-element_type=\"widget\" data-e-type=\"widget\" data-widget_type=\"text-editor.default\">\n\t\t\t\t<div class=\"elementor-widget-container\">\n\t\t\t\t\t\t\t\t\t<p>We attach great importance to every requirement of our clients, from the design of the project to its carefully executed final delivery.<\/p>\t\t\t\t\t\t\t\t<\/div>\n\t\t\t\t<\/div>\n\t\t\t\t\t<\/div>\n\t\t<\/div>\n\t\t\t\t\t<\/div>\n\t\t<\/section>\n\t\t\t\t<section class=\"elementor-section elementor-top-section elementor-element elementor-element-cde7444 elementor-section-boxed elementor-section-height-default elementor-section-height-default\" data-id=\"cde7444\" data-element_type=\"section\" data-e-type=\"section\" data-settings=\"{&quot;background_background&quot;:&quot;gradient&quot;}\">\n\t\t\t\t\t\t\t<div class=\"elementor-background-overlay\"><\/div>\n\t\t\t\t\t\t\t<div class=\"elementor-container elementor-column-gap-default\">\n\t\t\t\t\t<div class=\"elementor-column elementor-col-100 elementor-top-column elementor-element elementor-element-1c89c55\" data-id=\"1c89c55\" data-element_type=\"column\" data-e-type=\"column\">\n\t\t\t<div class=\"elementor-widget-wrap\">\n\t\t\t\t\t\t\t<\/div>\n\t\t<\/div>\n\t\t\t\t\t<\/div>\n\t\t<\/section>\n\t\t\t\t<section class=\"elementor-section elementor-top-section elementor-element elementor-element-2fdfbdbe elementor-section-boxed elementor-section-height-default elementor-section-height-default\" data-id=\"2fdfbdbe\" data-element_type=\"section\" data-e-type=\"section\" data-settings=\"{&quot;background_background&quot;:&quot;classic&quot;}\">\n\t\t\t\t\t\t<div class=\"elementor-container elementor-column-gap-default\">\n\t\t\t\t\t<div class=\"elementor-column elementor-col-100 elementor-top-column elementor-element elementor-element-1d76cd6e\" data-id=\"1d76cd6e\" data-element_type=\"column\" data-e-type=\"column\">\n\t\t\t<div class=\"elementor-widget-wrap elementor-element-populated\">\n\t\t\t\t\t\t<div class=\"elementor-element elementor-element-2c663f04 elementor-widget elementor-widget-heading\" data-id=\"2c663f04\" data-element_type=\"widget\" data-e-type=\"widget\" data-widget_type=\"heading.default\">\n\t\t\t\t<div class=\"elementor-widget-container\">\n\t\t\t\t\t<h6 class=\"elementor-heading-title elementor-size-default\">our work<\/h6>\t\t\t\t<\/div>\n\t\t\t\t<\/div>\n\t\t\t\t<div class=\"elementor-element elementor-element-1feed4f elementor-widget elementor-widget-heading\" data-id=\"1feed4f\" data-element_type=\"widget\" data-e-type=\"widget\" data-widget_type=\"heading.default\">\n\t\t\t\t<div class=\"elementor-widget-container\">\n\t\t\t\t\t<h2 class=\"elementor-heading-title elementor-size-default\">Some of our recent projects<\/h2>\t\t\t\t<\/div>\n\t\t\t\t<\/div>\n\t\t\t\t<section class=\"elementor-section elementor-inner-section elementor-element elementor-element-3793b2fc elementor-section-full_width elementor-section-height-default elementor-section-height-default\" data-id=\"3793b2fc\" data-element_type=\"section\" data-e-type=\"section\">\n\t\t\t\t\t\t<div class=\"elementor-container elementor-column-gap-default\">\n\t\t\t\t\t<div class=\"elementor-column elementor-col-25 elementor-inner-column elementor-element elementor-element-1bdf863c\" data-id=\"1bdf863c\" data-element_type=\"column\" data-e-type=\"column\">\n\t\t\t<div class=\"elementor-widget-wrap elementor-element-populated\">\n\t\t\t\t\t\t<div class=\"elementor-element elementor-element-154ff78a elementor-widget elementor-widget-image\" data-id=\"154ff78a\" data-element_type=\"widget\" data-e-type=\"widget\" data-widget_type=\"image.default\">\n\t\t\t\t<div class=\"elementor-widget-container\">\n\t\t\t\t\t\t\t\t\t\t\t\t\t\t\t<img loading=\"lazy\" decoding=\"async\" width=\"768\" height=\"1024\" src=\"https:\/\/sobekconstruction.com\/wp-content\/uploads\/2024\/05\/Imagen-de-WhatsApp-2024-05-24-a-las-17.05.47_37908b5c-768x1024.jpg\" class=\"elementor-animation-float attachment-large size-large wp-image-2204\" alt=\"\" srcset=\"https:\/\/sobekconstruction.com\/wp-content\/uploads\/2024\/05\/Imagen-de-WhatsApp-2024-05-24-a-las-17.05.47_37908b5c-768x1024.jpg 768w, https:\/\/sobekconstruction.com\/wp-content\/uploads\/2024\/05\/Imagen-de-WhatsApp-2024-05-24-a-las-17.05.47_37908b5c-225x300.jpg 225w, https:\/\/sobekconstruction.com\/wp-content\/uploads\/2024\/05\/Imagen-de-WhatsApp-2024-05-24-a-las-17.05.47_37908b5c.jpg 810w\" sizes=\"(max-width: 768px) 100vw, 768px\" \/>\t\t\t\t\t\t\t\t\t\t\t\t\t\t\t<\/div>\n\t\t\t\t<\/div>\n\t\t\t\t\t<\/div>\n\t\t<\/div>\n\t\t\t\t<div class=\"elementor-column elementor-col-25 elementor-inner-column elementor-element elementor-element-2750ef09\" data-id=\"2750ef09\" data-element_type=\"column\" data-e-type=\"column\">\n\t\t\t<div class=\"elementor-widget-wrap elementor-element-populated\">\n\t\t\t\t\t\t<div class=\"elementor-element elementor-element-666036ab elementor-widget elementor-widget-image\" data-id=\"666036ab\" data-element_type=\"widget\" data-e-type=\"widget\" data-widget_type=\"image.default\">\n\t\t\t\t<div class=\"elementor-widget-container\">\n\t\t\t\t\t\t\t\t\t\t\t\t\t\t\t<img loading=\"lazy\" decoding=\"async\" width=\"1024\" height=\"683\" src=\"https:\/\/sobekconstruction.com\/wp-content\/uploads\/2024\/05\/kara-eads-L7EwHkq1B2s-unsplash-1024x683.jpg\" class=\"elementor-animation-float attachment-large size-large wp-image-1179\" alt=\"\" srcset=\"https:\/\/sobekconstruction.com\/wp-content\/uploads\/2024\/05\/kara-eads-L7EwHkq1B2s-unsplash-1024x683.jpg 1024w, https:\/\/sobekconstruction.com\/wp-content\/uploads\/2024\/05\/kara-eads-L7EwHkq1B2s-unsplash-300x200.jpg 300w, https:\/\/sobekconstruction.com\/wp-content\/uploads\/2024\/05\/kara-eads-L7EwHkq1B2s-unsplash-768x512.jpg 768w, https:\/\/sobekconstruction.com\/wp-content\/uploads\/2024\/05\/kara-eads-L7EwHkq1B2s-unsplash.jpg 1200w\" sizes=\"(max-width: 1024px) 100vw, 1024px\" \/>\t\t\t\t\t\t\t\t\t\t\t\t\t\t\t<\/div>\n\t\t\t\t<\/div>\n\t\t\t\t<div class=\"elementor-element elementor-element-1fdb20e8 elementor-widget elementor-widget-image\" data-id=\"1fdb20e8\" data-element_type=\"widget\" data-e-type=\"widget\" data-widget_type=\"image.default\">\n\t\t\t\t<div class=\"elementor-widget-container\">\n\t\t\t\t\t\t\t\t\t\t\t\t\t\t\t<img loading=\"lazy\" decoding=\"async\" width=\"1024\" height=\"683\" src=\"https:\/\/sobekconstruction.com\/wp-content\/uploads\/2024\/05\/image-from-rawpixel-id-1212658-jpeg-1024x683.jpg\" class=\"elementor-animation-float attachment-large size-large wp-image-1198\" alt=\"\" srcset=\"https:\/\/sobekconstruction.com\/wp-content\/uploads\/2024\/05\/image-from-rawpixel-id-1212658-jpeg-1024x683.jpg 1024w, https:\/\/sobekconstruction.com\/wp-content\/uploads\/2024\/05\/image-from-rawpixel-id-1212658-jpeg-300x200.jpg 300w, https:\/\/sobekconstruction.com\/wp-content\/uploads\/2024\/05\/image-from-rawpixel-id-1212658-jpeg-768x512.jpg 768w, https:\/\/sobekconstruction.com\/wp-content\/uploads\/2024\/05\/image-from-rawpixel-id-1212658-jpeg.jpg 1200w\" sizes=\"(max-width: 1024px) 100vw, 1024px\" \/>\t\t\t\t\t\t\t\t\t\t\t\t\t\t\t<\/div>\n\t\t\t\t<\/div>\n\t\t\t\t\t<\/div>\n\t\t<\/div>\n\t\t\t\t<div class=\"elementor-column elementor-col-25 elementor-inner-column elementor-element elementor-element-1dce08b0\" data-id=\"1dce08b0\" data-element_type=\"column\" data-e-type=\"column\">\n\t\t\t<div class=\"elementor-widget-wrap elementor-element-populated\">\n\t\t\t\t\t\t<div class=\"elementor-element elementor-element-7e3f0e8 elementor-widget elementor-widget-image\" data-id=\"7e3f0e8\" data-element_type=\"widget\" data-e-type=\"widget\" data-widget_type=\"image.default\">\n\t\t\t\t<div class=\"elementor-widget-container\">\n\t\t\t\t\t\t\t\t\t\t\t\t\t\t\t<img loading=\"lazy\" decoding=\"async\" width=\"1024\" height=\"683\" src=\"https:\/\/sobekconstruction.com\/wp-content\/uploads\/2024\/05\/green-wrapped-fabric-1234688-1024x683.jpg\" class=\"elementor-animation-float attachment-large size-large wp-image-1237\" alt=\"\" srcset=\"https:\/\/sobekconstruction.com\/wp-content\/uploads\/2024\/05\/green-wrapped-fabric-1234688-1024x683.jpg 1024w, https:\/\/sobekconstruction.com\/wp-content\/uploads\/2024\/05\/green-wrapped-fabric-1234688-300x200.jpg 300w, https:\/\/sobekconstruction.com\/wp-content\/uploads\/2024\/05\/green-wrapped-fabric-1234688-768x512.jpg 768w, https:\/\/sobekconstruction.com\/wp-content\/uploads\/2024\/05\/green-wrapped-fabric-1234688.jpg 1200w\" sizes=\"(max-width: 1024px) 100vw, 1024px\" \/>\t\t\t\t\t\t\t\t\t\t\t\t\t\t\t<\/div>\n\t\t\t\t<\/div>\n\t\t\t\t<div class=\"elementor-element elementor-element-7c81f611 elementor-widget elementor-widget-image\" data-id=\"7c81f611\" data-element_type=\"widget\" data-e-type=\"widget\" data-widget_type=\"image.default\">\n\t\t\t\t<div class=\"elementor-widget-container\">\n\t\t\t\t\t\t\t\t\t\t\t\t\t\t\t<img loading=\"lazy\" decoding=\"async\" width=\"1024\" height=\"768\" src=\"https:\/\/sobekconstruction.com\/wp-content\/uploads\/2024\/05\/Imagen-de-WhatsApp-2024-05-24-a-las-17.05.45_1730b0c1-1024x768.jpg\" class=\"elementor-animation-float attachment-large size-large wp-image-2205\" alt=\"\" srcset=\"https:\/\/sobekconstruction.com\/wp-content\/uploads\/2024\/05\/Imagen-de-WhatsApp-2024-05-24-a-las-17.05.45_1730b0c1-1024x768.jpg 1024w, https:\/\/sobekconstruction.com\/wp-content\/uploads\/2024\/05\/Imagen-de-WhatsApp-2024-05-24-a-las-17.05.45_1730b0c1-300x225.jpg 300w, https:\/\/sobekconstruction.com\/wp-content\/uploads\/2024\/05\/Imagen-de-WhatsApp-2024-05-24-a-las-17.05.45_1730b0c1-768x576.jpg 768w, https:\/\/sobekconstruction.com\/wp-content\/uploads\/2024\/05\/Imagen-de-WhatsApp-2024-05-24-a-las-17.05.45_1730b0c1.jpg 1080w\" sizes=\"(max-width: 1024px) 100vw, 1024px\" \/>\t\t\t\t\t\t\t\t\t\t\t\t\t\t\t<\/div>\n\t\t\t\t<\/div>\n\t\t\t\t\t<\/div>\n\t\t<\/div>\n\t\t\t\t<div class=\"elementor-column elementor-col-25 elementor-inner-column elementor-element elementor-element-1a0e74dc\" data-id=\"1a0e74dc\" data-element_type=\"column\" data-e-type=\"column\">\n\t\t\t<div class=\"elementor-widget-wrap elementor-element-populated\">\n\t\t\t\t\t\t<div class=\"elementor-element elementor-element-520a6052 elementor-widget elementor-widget-image\" data-id=\"520a6052\" data-element_type=\"widget\" data-e-type=\"widget\" data-widget_type=\"image.default\">\n\t\t\t\t<div class=\"elementor-widget-container\">\n\t\t\t\t\t\t\t\t\t\t\t\t\t\t\t<img loading=\"lazy\" decoding=\"async\" width=\"683\" height=\"1024\" src=\"https:\/\/sobekconstruction.com\/wp-content\/uploads\/2024\/05\/minh-pham-MBsReSZ2WNM-unsplash-683x1024.jpg\" class=\"elementor-animation-float attachment-large size-large wp-image-1238\" alt=\"\" srcset=\"https:\/\/sobekconstruction.com\/wp-content\/uploads\/2024\/05\/minh-pham-MBsReSZ2WNM-unsplash-683x1024.jpg 683w, https:\/\/sobekconstruction.com\/wp-content\/uploads\/2024\/05\/minh-pham-MBsReSZ2WNM-unsplash-200x300.jpg 200w, https:\/\/sobekconstruction.com\/wp-content\/uploads\/2024\/05\/minh-pham-MBsReSZ2WNM-unsplash-768x1152.jpg 768w, https:\/\/sobekconstruction.com\/wp-content\/uploads\/2024\/05\/minh-pham-MBsReSZ2WNM-unsplash-1024x1536.jpg 1024w, https:\/\/sobekconstruction.com\/wp-content\/uploads\/2024\/05\/minh-pham-MBsReSZ2WNM-unsplash.jpg 1200w\" sizes=\"(max-width: 683px) 100vw, 683px\" \/>\t\t\t\t\t\t\t\t\t\t\t\t\t\t\t<\/div>\n\t\t\t\t<\/div>\n\t\t\t\t\t<\/div>\n\t\t<\/div>\n\t\t\t\t\t<\/div>\n\t\t<\/section>\n\t\t\t\t\t<\/div>\n\t\t<\/div>\n\t\t\t\t\t<\/div>\n\t\t<\/section>\n\t\t\t\t<\/div>","protected":false},"excerpt":{"rendered":"<p>nos projets conception d\u00e9taill\u00e9e Chaque projet est un nouveau d\u00e9fi Nous accordons une grande importance \u00e0 chaque exigence de nos clients, de la conception du projet \u00e0 sa livraison finale, soigneusement ex\u00e9cut\u00e9e. our work Quelques-uns de nos r\u00e9cents projets<\/p>","protected":false},"author":1,"featured_media":0,"parent":1205,"menu_order":0,"comment_status":"closed","ping_status":"closed","template":"","meta":{"om_disable_all_campaigns":false,"_monsterinsights_skip_tracking":false,"_monsterinsights_sitenote_active":false,"_monsterinsights_sitenote_note":"","_monsterinsights_sitenote_category":0,"site-sidebar-layout":"no-sidebar","site-content-layout":"page-builder","ast-site-content-layout":"full-width-container","site-content-style":"default","site-sidebar-style":"default","ast-global-header-display":"","ast-banner-title-visibility":"","ast-main-header-display":"","ast-hfb-above-header-display":"","ast-hfb-below-header-display":"","ast-hfb-mobile-header-display":"","site-post-title":"disabled","ast-breadcrumbs-content":"","ast-featured-img":"disabled","footer-sml-layout":"","ast-disable-related-posts":"","theme-transparent-header-meta":"","adv-header-id-meta":"","stick-header-meta":"","header-above-stick-meta":"","header-main-stick-meta":"","header-below-stick-meta":"","astra-migrate-meta-layouts":"set","ast-page-background-enabled":"default","ast-page-background-meta":{"desktop":{"background-color":"var(--ast-global-color-4)","background-image":"","background-repeat":"repeat","background-position":"center center","background-size":"auto","background-attachment":"scroll","background-type":"","background-media":"","overlay-type":"","overlay-color":"","overlay-opacity":"","overlay-gradient":""},"tablet":{"background-color":"","background-image":"","background-repeat":"repeat","background-position":"center center","background-size":"auto","background-attachment":"scroll","background-type":"","background-media":"","overlay-type":"","overlay-color":"","overlay-opacity":"","overlay-gradient":""},"mobile":{"background-color":"","background-image":"","background-repeat":"repeat","background-position":"center center","background-size":"auto","background-attachment":"scroll","background-type":"","background-media":"","overlay-type":"","overlay-color":"","overlay-opacity":"","overlay-gradient":""}},"ast-content-background-meta":{"desktop":{"background-color":"var(--ast-global-color-5)","background-image":"","background-repeat":"repeat","background-position":"center center","background-size":"auto","background-attachment":"scroll","background-type":"","background-media":"","overlay-type":"","overlay-color":"","overlay-opacity":"","overlay-gradient":""},"tablet":{"background-color":"var(--ast-global-color-5)","background-image":"","background-repeat":"repeat","background-position":"center center","background-size":"auto","background-attachment":"scroll","background-type":"","background-media":"","overlay-type":"","overlay-color":"","overlay-opacity":"","overlay-gradient":""},"mobile":{"background-color":"var(--ast-global-color-5)","background-image":"","background-repeat":"repeat","background-position":"center center","background-size":"auto","background-attachment":"scroll","background-type":"","background-media":"","overlay-type":"","overlay-color":"","overlay-opacity":"","overlay-gradient":""}},"footnotes":""},"class_list":["post-1224","page","type-page","status-publish","hentry"],"aioseo_notices":[],"_links":{"self":[{"href":"https:\/\/sobekconstruction.com\/en\/wp-json\/wp\/v2\/pages\/1224","targetHints":{"allow":["GET"]}}],"collection":[{"href":"https:\/\/sobekconstruction.com\/en\/wp-json\/wp\/v2\/pages"}],"about":[{"href":"https:\/\/sobekconstruction.com\/en\/wp-json\/wp\/v2\/types\/page"}],"author":[{"embeddable":true,"href":"https:\/\/sobekconstruction.com\/en\/wp-json\/wp\/v2\/users\/1"}],"replies":[{"embeddable":true,"href":"https:\/\/sobekconstruction.com\/en\/wp-json\/wp\/v2\/comments?post=1224"}],"version-history":[{"count":42,"href":"https:\/\/sobekconstruction.com\/en\/wp-json\/wp\/v2\/pages\/1224\/revisions"}],"predecessor-version":[{"id":2322,"href":"https:\/\/sobekconstruction.com\/en\/wp-json\/wp\/v2\/pages\/1224\/revisions\/2322"}],"up":[{"embeddable":true,"href":"https:\/\/sobekconstruction.com\/en\/wp-json\/wp\/v2\/pages\/1205"}],"wp:attachment":[{"href":"https:\/\/sobekconstruction.com\/en\/wp-json\/wp\/v2\/media?parent=1224"}],"curies":[{"name":"wp","href":"https:\/\/api.w.org\/{rel}","templated":true}]}}